{"id":13,"date":"2021-04-08T11:34:58","date_gmt":"2021-04-08T11:34:58","guid":{"rendered":"https:\/\/movingdesign.ro\/?page_id=13"},"modified":"2022-08-02T11:05:26","modified_gmt":"2022-08-02T11:05:26","slug":"profile","status":"publish","type":"page","link":"https:\/\/movingdesign.ro\/en\/profile\/","title":{"rendered":"Profile"},"content":{"rendered":"<div data-elementor-type=\"wp-page\" data-elementor-id=\"13\" class=\"elementor elementor-13\" data-elementor-post-type=\"page\">\n\t\t\t\t\t\t<section class=\"elementor-section elementor-top-section elementor-element elementor-element-01d521d elementor-section-full_width elementor-section-height-default elementor-section-height-default\" data-id=\"01d521d\" data-element_type=\"section\" data-e-type=\"section\">\n\t\t\t\t\t\t<div class=\"elementor-container elementor-column-gap-default\">\n\t\t\t\t\t<div class=\"elementor-column elementor-col-100 elementor-top-column elementor-element elementor-element-25d6c4b\" data-id=\"25d6c4b\" data-element_type=\"column\" data-e-type=\"column\">\n\t\t\t<div class=\"elementor-widget-wrap elementor-element-populated\">\n\t\t\t\t\t\t<div class=\"elementor-element elementor-element-408d6ec elementor-widget elementor-widget-image\" data-id=\"408d6ec\" data-element_type=\"widget\" data-e-type=\"widget\" data-widget_type=\"image.default\">\n\t\t\t\t<div class=\"elementor-widget-container\">\n\t\t\t\t\t\t\t\t\t\t\t\t\t\t\t<img fetchpriority=\"high\" decoding=\"async\" width=\"800\" height=\"484\" src=\"https:\/\/movingdesign.ro\/wp-content\/uploads\/2022\/08\/Profile-Pic-1024x620.jpg\" class=\"attachment-large size-large wp-image-1961\" alt=\"\" srcset=\"https:\/\/movingdesign.ro\/wp-content\/uploads\/2022\/08\/Profile-Pic-1024x620.jpg 1024w, https:\/\/movingdesign.ro\/wp-content\/uploads\/2022\/08\/Profile-Pic-300x182.jpg 300w, https:\/\/movingdesign.ro\/wp-content\/uploads\/2022\/08\/Profile-Pic-768x465.jpg 768w, https:\/\/movingdesign.ro\/wp-content\/uploads\/2022\/08\/Profile-Pic-1536x930.jpg 1536w, https:\/\/movingdesign.ro\/wp-content\/uploads\/2022\/08\/Profile-Pic-2048x1240.jpg 2048w, https:\/\/movingdesign.ro\/wp-content\/uploads\/2022\/08\/Profile-Pic-18x12.jpg 18w\" sizes=\"(max-width: 800px) 100vw, 800px\" \/>\t\t\t\t\t\t\t\t\t\t\t\t\t\t\t<\/div>\n\t\t\t\t<\/div>\n\t\t\t\t\t<\/div>\n\t\t<\/div>\n\t\t\t\t\t<\/div>\n\t\t<\/section>\n\t\t\t\t<section class=\"elementor-section elementor-top-section elementor-element elementor-element-4fb7a59 elementor-section-height-min-height elementor-section-boxed elementor-section-height-default elementor-section-items-middle\" data-id=\"4fb7a59\" data-element_type=\"section\" data-e-type=\"section\">\n\t\t\t\t\t\t<div class=\"elementor-container elementor-column-gap-default\">\n\t\t\t\t\t<div class=\"elementor-column elementor-col-100 elementor-top-column elementor-element elementor-element-a15158d\" data-id=\"a15158d\" data-element_type=\"column\" data-e-type=\"column\">\n\t\t\t<div class=\"elementor-widget-wrap elementor-element-populated\">\n\t\t\t\t\t\t<div class=\"elementor-element elementor-element-545fb77 elementor-widget elementor-widget-heading\" data-id=\"545fb77\" data-element_type=\"widget\" data-e-type=\"widget\" data-widget_type=\"heading.default\">\n\t\t\t\t<div class=\"elementor-widget-container\">\n\t\t\t\t\t<h1 class=\"elementor-heading-title elementor-size-default\">Profile<\/h1>\t\t\t\t<\/div>\n\t\t\t\t<\/div>\n\t\t\t\t<div class=\"elementor-element elementor-element-8f8c34f elementor-widget elementor-widget-text-editor\" data-id=\"8f8c34f\" data-element_type=\"widget\" data-e-type=\"widget\" data-widget_type=\"text-editor.default\">\n\t\t\t\t<div class=\"elementor-widget-container\">\n\t\t\t\t\t\t\t\t\t<p class=\"translation-block\"><em>Vlad Bolborea<\/em> is an independent designer and musician from Bucharest, Romania. He is the founder and owner of the Moving Design brand.<\/p><p>Vlad\u2019s education consists of graduating from  the \u201cNicolae Tonitza\u201d High School of fine Arts in Bucharest, from an early age (from the 6th grade to the 12th grade), followed by the graduation of undergraduate and postgraduate studies (Master's degree in Graphic Design) at the National University of Arts \u201cNicolae Grigorescu\u201d in Bucharest. He also attended a one-semester training in the same field at a University of Arts in the UK \u2013 Midlands.<\/p><p>Being an ambivalent individual, his poles of attraction have always alternated between his passion for music (percussion) and the one related to visual expression through related techniques: Both classical \u2013 drawing (graphics), engraving, painting \u2013 and digital \u2013 Adobe Photoshop, Illustrator, InDesign.<\/p><p>In fact, Vlad believes that his two passions have only one common denominator: Rhythm \u2013 which translates into drums and percussion in sound, and in visual, through line and point.<\/p><p>His artistic signature is given by simplicity and essentialization of form, but also by an accentuated graphic of the line.<\/p><p>The fact that Vlad is actively involved in the Romanian music industry, both in music production and in live events (concerts), helps him to have a deeper and more complete understanding of the market\u2019s requirements in the field of visual communication.<\/p><p>Thus, in correlation with his education in the field \u2013 which gives him a solid luggage of knowledge, but also with his voluble and communicative nature, Vlad Bolborea is the perfect choice for your project!<\/p><p><em>Photo Credit<\/em>: Alexandru Vasiliu (Fler Studio)<\/p>\t\t\t\t\t\t\t\t<\/div>\n\t\t\t\t<\/div>\n\t\t\t\t\t<\/div>\n\t\t<\/div>\n\t\t\t\t\t<\/div>\n\t\t<\/section>\n\t\t\t\t<\/div>","protected":false},"excerpt":{"rendered":"<p>Profil Vlad Bolborea este un designer \u0219i muzician independent, originar din Bucure\u0219ti, Rom\u00e2nia. El este creatorul \u0219i ownerul brandului \u2018Moving Design\u2019. Educa\u021bia lui Vlad const\u0103 \u00een absolvirea anilor de studiu \u00een cadrul Liceului de Arte Plastice \u2018Nicolae Tonitza\u2019 din Bucure\u0219ti, \u00eenc\u0103 de la o v\u00e2rst\u0103 fraged\u0103 (din clasa a VI-a pan\u0103 \u00een clasa a XII-a), [&hellip;]<\/p>\n","protected":false},"author":2,"featured_media":0,"parent":0,"menu_order":0,"comment_status":"closed","ping_status":"closed","template":"elementor_header_footer","meta":{"footnotes":""},"class_list":["post-13","page","type-page","status-publish","hentry"],"_links":{"self":[{"href":"https:\/\/movingdesign.ro\/en\/wp-json\/wp\/v2\/pages\/13","targetHints":{"allow":["GET"]}}],"collection":[{"href":"https:\/\/movingdesign.ro\/en\/wp-json\/wp\/v2\/pages"}],"about":[{"href":"https:\/\/movingdesign.ro\/en\/wp-json\/wp\/v2\/types\/page"}],"author":[{"embeddable":true,"href":"https:\/\/movingdesign.ro\/en\/wp-json\/wp\/v2\/users\/2"}],"replies":[{"embeddable":true,"href":"https:\/\/movingdesign.ro\/en\/wp-json\/wp\/v2\/comments?post=13"}],"version-history":[{"count":0,"href":"https:\/\/movingdesign.ro\/en\/wp-json\/wp\/v2\/pages\/13\/revisions"}],"wp:attachment":[{"href":"https:\/\/movingdesign.ro\/en\/wp-json\/wp\/v2\/media?parent=13"}],"curies":[{"name":"wp","href":"https:\/\/api.w.org\/{rel}","templated":true}]}}